{"id":1313,"date":"2023-09-20T11:40:28","date_gmt":"2023-09-20T10:40:28","guid":{"rendered":"https:\/\/nali.datek.cloud\/product\/keo-deo-sieu-xanh-hang-ngay\/"},"modified":"2023-10-20T04:18:35","modified_gmt":"2023-10-20T03:18:35","slug":"pure","status":"publish","type":"product","link":"https:\/\/nali.datek.cloud\/vi\/product\/pure\/","title":{"rendered":"PURE Gummies Vitamin"},"content":{"rendered":"<p class=\"p--large\">B\u1ed5 sung ch\u1ea5t x\u01a1 cho c\u01a1 th\u1ec3, h\u1ed7 tr\u1ee3 h\u1ec7 ti\u00eau h\u00f3a v\u00e0 c\u1ea3i thi\u1ec7n t\u00ecnh tr\u1ea1ng m\u1ee5n nh\u1ecdt, n\u00f3ng trong c\u00f9ng h\u1ee3p ch\u1ea5t Zym* &#8211; energy with h\u00e0m l\u01b0\u1ee3ng ch\u1ea5t ch\u1ed1ng oxy h\u00f3a cao gi\u00fap c\u01a1 th\u1ec3 tr\u00ec ho\u00e3n qu\u00e1 tr\u00ecnh l\u00e3o h\u00f3a.<\/p>\n","protected":false},"excerpt":{"rendered":"<p>K\u1eb9o d\u1ebbo B\u1ed5 sung X\u01a1 h\u00e0ng ng\u00e0y<\/p>\n","protected":false},"featured_media":1065,"comment_status":"open","ping_status":"closed","template":"","meta":[],"product_cat":[47],"product_tag":[],"class_list":["post-1313","product","type-product","status-publish","has-post-thumbnail","hentry","product_cat-uncategorized-vi"],"acf":[],"aioseo_notices":[],"_links":{"self":[{"href":"https:\/\/nali.datek.cloud\/vi\/wp-json\/wp\/v2\/product\/1313","targetHints":{"allow":["GET"]}}],"collection":[{"href":"https:\/\/nali.datek.cloud\/vi\/wp-json\/wp\/v2\/product"}],"about":[{"href":"https:\/\/nali.datek.cloud\/vi\/wp-json\/wp\/v2\/types\/product"}],"replies":[{"embeddable":true,"href":"https:\/\/nali.datek.cloud\/vi\/wp-json\/wp\/v2\/comments?post=1313"}],"wp:featuredmedia":[{"embeddable":true,"href":"https:\/\/nali.datek.cloud\/vi\/wp-json\/wp\/v2\/media\/1065"}],"wp:attachment":[{"href":"https:\/\/nali.datek.cloud\/vi\/wp-json\/wp\/v2\/media?parent=1313"}],"wp:term":[{"taxonomy":"product_cat","embeddable":true,"href":"https:\/\/nali.datek.cloud\/vi\/wp-json\/wp\/v2\/product_cat?post=1313"},{"taxonomy":"product_tag","embeddable":true,"href":"https:\/\/nali.datek.cloud\/vi\/wp-json\/wp\/v2\/product_tag?post=1313"}],"curies":[{"name":"wp","href":"https:\/\/api.w.org\/{rel}","templated":true}]}}